{"id":770,"date":"2024-06-29T11:47:55","date_gmt":"2024-06-29T09:47:55","guid":{"rendered":"https:\/\/stubenvogel.com\/schwabscantechnik\/?page_id=770"},"modified":"2024-08-22T12:24:48","modified_gmt":"2024-08-22T10:24:48","slug":"privacy-policy","status":"publish","type":"page","link":"https:\/\/schwabscantechnik.de\/en\/privacy-policy\/","title":{"rendered":"Privacy Policy"},"content":{"rendered":"<div data-colibri-id=\"770-c1\" class=\"style-662 style-local-770-c1 position-relative\">\n  <!---->\n  <div data-colibri-component=\"section\" data-colibri-id=\"770-c2\" id=\"initial-content\" class=\"h-section h-section-global-spacing d-flex align-items-lg-center align-items-md-center align-items-center style-663 style-local-770-c2 position-relative\">\n    <!---->\n    <!---->\n    <div class=\"h-section-grid-container h-section-boxed-container\">\n      <!---->\n      <div data-colibri-id=\"770-c3\" class=\"h-row-container gutters-row-lg-2 gutters-row-md-2 gutters-row-0 gutters-row-v-lg-2 gutters-row-v-md-2 gutters-row-v-2 style-664 style-local-770-c3 position-relative\">\n        <!---->\n        <div class=\"h-row justify-content-lg-center justify-content-md-center justify-content-center align-items-lg-stretch align-items-md-stretch align-items-stretch gutters-col-lg-2 gutters-col-md-2 gutters-col-0 gutters-col-v-lg-2 gutters-col-v-md-2 gutters-col-v-2\">\n          <!---->\n          <div class=\"h-column h-column-container d-flex h-col-lg-auto h-col-md-auto h-col-auto style-665-outer style-local-770-c4-outer\">\n            <div data-colibri-id=\"770-c4\" class=\"d-flex h-flex-basis h-column__inner h-px-lg-2 h-px-md-2 h-px-2 v-inner-lg-2 v-inner-md-2 v-inner-2 style-665 style-local-770-c4 position-relative\">\n              <!---->\n              <!---->\n              <div class=\"w-100 h-y-container h-column__content h-column__v-align flex-basis-100 align-self-lg-start align-self-md-start align-self-start\">\n                <!---->\n                <div data-colibri-id=\"770-c5\" class=\"h-global-transition-all h-heading style-660 style-local-770-c5 position-relative h-element\">\n                  <!---->\n                  <div class=\"h-heading__outer style-660 style-local-770-c5\">\n                    <!---->\n                    <!---->\n                    <h1 class=\"\">Privacy Policy<\/h1>\n                  <\/div>\n                <\/div>\n              <\/div>\n            <\/div>\n          <\/div>\n        <\/div>\n      <\/div>\n      <div data-colibri-id=\"770-c6\" class=\"h-row-container gutters-row-lg-2 gutters-row-md-2 gutters-row-0 gutters-row-v-lg-2 gutters-row-v-md-2 gutters-row-v-2 style-704 style-local-770-c6 position-relative\">\n        <!---->\n        <div class=\"h-row justify-content-lg-center justify-content-md-center justify-content-center align-items-lg-stretch align-items-md-stretch align-items-stretch gutters-col-lg-2 gutters-col-md-2 gutters-col-0 gutters-col-v-lg-2 gutters-col-v-md-2 gutters-col-v-2\">\n          <!---->\n          <div class=\"h-column h-column-container d-flex h-col-lg-auto h-col-md-auto h-col-auto style-705-outer style-local-770-c7-outer\">\n            <div data-colibri-id=\"770-c7\" class=\"d-flex h-flex-basis h-column__inner h-px-lg-2 h-px-md-2 h-px-2 v-inner-lg-2 v-inner-md-2 v-inner-2 style-705 style-local-770-c7 position-relative\">\n              <!---->\n              <!---->\n              <div class=\"w-100 h-y-container h-column__content h-column__v-align flex-basis-100 align-self-lg-start align-self-md-start align-self-start\">\n                <!---->\n                <div data-colibri-id=\"770-c10\" class=\"h-text h-text-component style-708 style-local-770-c10 position-relative h-element\">\n                  <!---->\n                  <!---->\n                  <div class=\"\">\n                    <p>To revoke your consent for the use of cookies, please click the following link:&nbsp;<a href=\"#\" class=\"cn-revoke-cookie cn-button-inline cn-revoke-inline\" title=\"Zustimmung wiederrufen\">Zustimmung wiederrufen<\/a><\/p>\n                  <\/div>\n                <\/div>\n                <div data-colibri-id=\"770-c8\" class=\"h-text h-text-component style-706 style-local-770-c8 position-relative h-element\">\n                  <!---->\n                  <!---->\n                  <div class=\"\">\n                    <p><span style=\"font-family: &quot;Source Sans Pro&quot;;\">Diese Datenschutzerkl\u00e4rung kl\u00e4rt Sie \u00fcber die Art, den Umfang und Zweck der Verarbeitung von personenbezogenen Daten (nachfolgend kurz \u201eDaten\u201c) innerhalb unseres Onlineangebotes und der mit ihm verbundenen Webseiten, Funktionen und Inhalte sowie externen Onlinepr\u00e4senzen, wie z.B. unser Social Media Profile auf. (nachfolgend gemeinsam bezeichnet als \u201eOnlineangebot\u201c). Im Hinblick auf die verwendeten Begrifflichkeiten, wie z.B. \u201eVerarbeitung\u201c oder \u201eVerantwortlicher\u201c verweisen wir auf die Definitionen im Art. 4 der Datenschutzgrundverordnung (DSGVO).<\/span><\/p>\n                    <p><span style=\"font-weight: 600; font-family: &quot;Source Sans Pro&quot;;\">Inhaltlich verantwortlich:<br><\/span><span style=\"font-family: &quot;Source Sans Pro&quot;;\">SchwabScantechnik GmbH &amp; Co. KG<br><br><\/span><span style=\"font-family: &quot;Source Sans Pro&quot;; font-weight: 600;\">Pers\u00f6nl. haftende Gesellschafterin:<br><\/span>\n                      <span\n                        style=\"font-family: &quot;Source Sans Pro&quot;;\">G\u00f6ttinger Verlag der Kunst GmbH\n                        <br>Gesch\u00e4ftsf\u00fchrer: Liane Reichl\n                        <br>\n                        <\/span><span style=\"font-family: &quot;Source Sans Pro&quot;;\">Geiststra\u00dfe 11<br>37073 G\u00f6ttingen<br><\/span><span style=\"font-family: &quot;Source Sans Pro&quot;;\">Germany<\/span><\/p>\n                    <p><span style=\"font-family: &quot;Source Sans Pro&quot;;\">Kontakt:<br><\/span><span style=\"font-family: &quot;Source Sans Pro&quot;;\">T<\/span><span style=\"font-family: &quot;Source Sans Pro&quot;; font-weight: 400; font-size: 16px; color: rgb(40, 40, 40);\">elefon: +49 551 488 79-0<\/span>\n                      <span\n                        style=\"font-family: &quot;Source Sans Pro&quot;;\">\n                        <br>T<\/span>&nbsp;<span style=\"font-weight: 400; font-size: 16px; font-family: &quot;Source Sans Pro&quot;; color: rgb(40, 40, 40);\">elefax: +49 551 488 79-12<\/span><span style=\"font-family: &quot;Source Sans Pro&quot;;\"><br>E<\/span>\n                        <span\n                          style=\"font-family: &quot;Source Sans Pro&quot;; font-weight: 400; font-size: 16px; color: rgb(40, 40, 40);\">-Mail: info@schwabscantechnik.de<\/span>\n                    <\/p>\n                    <p><span style=\"font-family: &quot;Source Sans Pro&quot;;\">Arten der verarbeiteten Daten:<br><\/span><span style=\"font-family: &quot;Source Sans Pro&quot;; font-weight: 400;\">\u2013 Bestandsdaten (z.B., Namen, Adressen).<br><\/span><span style=\"font-weight: 400; font-family: &quot;Source Sans Pro&quot;;\">\u2013 Kontaktdaten (z.B., E-Mail, Telefonnummern).<br><\/span>\n                      <span\n                        style=\"font-weight: 400; font-family: &quot;Source Sans Pro&quot;;\">\u2013 Inhaltsdaten (z.B., Texteingaben, Fotografien, Videos).\n                        <br>\n                        <\/span><span style=\"font-weight: 400; font-family: &quot;Source Sans Pro&quot;;\">\u2013 Nutzungsdaten (z.B., besuchte Webseiten, Interesse an Inhalten, Zugriffszeiten).<br><\/span><span style=\"font-weight: 400; font-family: &quot;Source Sans Pro&quot;;\">\u2013 Meta-\/Kommunikationsdaten (z.B., Ger\u00e4te-Informationen, IP-Adressen).<br><\/span>\n                        <span\n                          style=\"font-family: &quot;Source Sans Pro&quot;;\">\n                          <br>Kategorien betroffener Personen:<\/span><span style=\"font-weight: 400; font-size: 16px; font-family: &quot;Source Sans Pro&quot;; color: rgb(40, 40, 40);\"><br>Besucher und Nutzer des Onlineangebotes (Nachfolgend bezeichnen wir die betroffenen Personen zusammenfassend auch als \u201eNutzer\u201c).<\/span><\/p>\n                    <p><span style=\"font-family: &quot;Source Sans Pro&quot;;\"><br><\/span><\/p>\n                    <p><span style=\"font-weight: 600; font-family: &quot;Source Sans Pro&quot;;\">Zweck der Verarbeitung<\/span><span style=\"font-family: &quot;Source Sans Pro&quot;;\"><br><\/span><span style=\"font-family: &quot;Source Sans Pro&quot;; font-weight: 400; font-size: 16px; color: rgb(40, 40, 40);\">\u2013 Zurverf\u00fcgungstellung des Onlineangebotes, seiner Funktionen und Inhalte.<br>\u2013 Beantwortung von Kontaktanfragen und Kommunikation mit Nutzern.<\/span>\n                      <span\n                        style=\"font-weight: 400; font-size: 16px; font-family: &quot;Source Sans Pro&quot;; color: rgb(40, 40, 40);\">\n                        <br>\u2013 Sicherheitsma\u00dfnahmen.\n                        <br>\u2013 Reichweitenmessung\/Marketing<\/span>\n                    <\/p>\n                    <p><span style=\"font-family: &quot;Source Sans Pro&quot;;\"><br><\/span><\/p>\n                    <p><span style=\"font-weight: 600; font-family: &quot;Source Sans Pro&quot;;\">Verwendete Begrifflichkeiten:<\/span><span style=\"font-family: &quot;Source Sans Pro&quot;;\"><br><\/span><span style=\"font-family: &quot;Source Sans Pro&quot;;\">\u201ePersonenbezogene Daten\u201c sind alle Informationen, die sich auf eine identifizierte oder identifizierbare nat\u00fcrliche Person (im Folgenden \u201ebetroffene Person\u201c) beziehen; als identifizierbar wird eine nat\u00fcrliche Person angesehen, die direkt oder indirekt, insbesondere mittels Zuordnung zu einer Kennung wie einem Namen, zu einer Kennnummer, zu Standortdaten, zu einer Online-Kennung (z.B. Cookie) oder zu einem oder mehreren besonderen Merkmalen identifiziert werden kann, die Ausdruck der physischen, physiologischen, genetischen, psychischen, wirtschaftlichen, kulturellen oder sozialen Identit\u00e4t dieser nat\u00fcrlichen Person sind.<\/span><\/p>\n                    <p><span style=\"font-family: &quot;Source Sans Pro&quot;;\">\u201eVerarbeitung\u201c ist jeder mit oder ohne Hilfe automatisierter Verfahren ausgef\u00fchrten Vorgang oder jede solche Vorgangsreihe im Zusammenhang mit personenbezogenen Daten. Der Begriff reicht weit und umfasst praktisch jeden Umgang mit Daten.<\/span><\/p>\n                    <p><span style=\"font-family: &quot;Source Sans Pro&quot;;\">Als \u201eVerantwortlicher\u201c wird die nat\u00fcrliche oder juristische Person, Beh\u00f6rde, Einrichtung oder andere Stelle, die allein oder gemeinsam mit anderen \u00fcber die Zwecke und Mittel<br>der Verarbeitung von personenbezogenen Daten entscheidet, bezeichnet.<\/span><\/p>\n                    <p><span style=\"font-weight: 600; font-family: &quot;Source Sans Pro&quot;;\"><br>Ma\u00dfgebliche Rechtsgrundlagen<\/span><span style=\"font-family: &quot;Source Sans Pro&quot;;\">:<br><\/span><span style=\"font-family: &quot;Source Sans Pro&quot;;\">Nach Ma\u00dfgabe des Art. 13 DSGVO teilen wir Ihnen die Rechtsgrundlagen unserer Datenverarbeitungen mit. Sofern die Rechtsgrundlage in der Datenschutzerkl\u00e4rung nicht genannt wird, gilt Folgendes: Die Rechtsgrundlage f\u00fcr die Einholung von Einwilligungen ist Art. 6 Abs. 1 lit. a und Art. 7 DSGVO, die Rechtsgrundlage f\u00fcr die Verarbeitung zur Erf\u00fcllung unserer Leistungen und Durchf\u00fchrung vertraglicher Ma\u00dfnahmen sowie Beantwortung von Anfragen ist Art. 6 Abs. 1 lit. b DSGVO, die Rechtsgrundlage f\u00fcr die Verarbeitung zur Erf\u00fcllung unserer rechtlichen Verpflichtungen ist Art. 6 Abs. 1 lit. c DSGVO, und die Rechtsgrundlage f\u00fcr die Verarbeitung zur Wahrung unserer berechtigten Interessen ist Art. 6 Abs. 1 lit. f DSGVO. F\u00fcr den Fall, dass lebenswichtige Interessen der betroffenen Person oder einer anderen nat\u00fcrlichen Person eine Verarbeitung personenbezogener Daten erforderlich machen, dient Art. 6 Abs. 1 lit. d DSGVO als Rechtsgrundlage.<\/span><\/p>\n                    <p><span style=\"font-family: &quot;Source Sans Pro&quot;;\">Zusammenarbeit mit Auftragsverarbeitern und Dritten:Sofern wir Dritte mit der Verarbeitung von Daten auf Grundlage eines sog. \u201eAuftragsverarbeitungsvertrages\u201c beauftragen, geschieht dies auf Grundlage des Art. 28 DSGVO.<\/span><\/p>\n                    <p><span><br><\/span><\/p>\n                    <p><span style=\"font-weight: 600; font-family: &quot;Source Sans Pro&quot;;\">\u00dcbermittlungen in Drittl\u00e4nder:<\/span><span style=\"font-family: &quot;Source Sans Pro&quot;;\">&nbsp;die Daten in einem Drittland&nbsp;en:<br><\/span><span style=\"font-family: &quot;Source Sans Pro&quot;; font-weight: 400;\">Sie haben das Recht, eine Best\u00e4tigung dar\u00fcber zu verlangen, ob betreffende Daten verarbeitet werden und auf Auskunft \u00fcber diese Daten sowie auf weitere Informationen und Kopie der Daten entsprechend Art. 15 DSGVO.<\/span><\/p>\n                    <p><span style=\"font-family: &quot;Source Sans Pro&quot;;\">Sie haben entsprechend. Art. 16 DSGVO das Recht, die Vervollst\u00e4ndigung der Sie betreffenden Daten oder die Berichtigung der Sie betreffenden unrichtigen Daten zu verlangen.<\/span><\/p>\n                    <p><span style=\"font-family: &quot;Source Sans Pro&quot;;\">Sie haben nach Ma\u00dfgabe des Art. 17 DSGVO das Recht zu verlangen, dass betreffende Daten unverz\u00fcglich gel\u00f6scht werden, bzw. alternativ nach Ma\u00dfgabe des Art. 18 DSGVO eine Einschr\u00e4nkung der Verarbeitung der Daten zu verlangen.<\/span><\/p>\n                    <p><span style=\"font-family: &quot;Source Sans Pro&quot;;\">Sie haben das Recht zu verlangen, dass die Sie betreffenden Daten, die Sie uns bereitgestellt haben nach Ma\u00dfgabe des Art. 20 DSGVO zu erhalten und deren \u00dcbermittlung an andere Verantwortliche zu fordern.<\/span><\/p>\n                    <p><span style=\"font-family: &quot;Source Sans Pro&quot;;\">Sie haben ferner gem. Art. 77 DSGVO das Recht, eine Beschwerde bei der zust\u00e4ndigen Aufsichtsbeh\u00f6rde einzureichen.<\/span><\/p>\n                    <p>\n                      <br>\n                    <\/p>\n                    <p><span style=\"font-family: &quot;Source Sans Pro&quot;; font-weight: 600;\">Widerrufsrecht:<\/span><span style=\"font-family: &quot;Source Sans Pro&quot;;\"><br>Sie haben das Recht, erteilte Einwilligungen gem. Art. 7 Abs. 3 DSGVO mit Wirkung f\u00fcr die Zukunft zu widerrufen.<\/span><\/p>\n                    <p><span><br><\/span><\/p>\n                    <p><span style=\"font-family: &quot;Source Sans Pro&quot;; font-weight: 600;\">Widerspruchsrecht:<\/span><span style=\"font-family: &quot;Source Sans Pro&quot;;\"><br>Sie k\u00f6nnen der k\u00fcnftigen Verarbeitung der Sie betreffenden Daten nach Ma\u00dfgabe des Art. 21 DSGVO jederzeit widersprechen. Der Widerspruch kann insbesondere gegen die Verarbeitung f\u00fcr Zwecke der Direktwerbung erfolgen.<\/span><\/p>\n                    <p><span><br><\/span><\/p>\n                    <p><span style=\"font-family: &quot;Source Sans Pro&quot;; font-weight: 600;\">L\u00f6schung von Daten:<\/span><span style=\"font-family: &quot;Source Sans Pro&quot;;\"><br>Die von uns verarbeiteten Daten werden nach Ma\u00dfgabe der Art. 17 und 18 DSGVO gel\u00f6scht oder in ihrer Verarbeitung eingeschr\u00e4nkt. Sofern nicht im Rahmen dieser Datenschutzerkl\u00e4rung ausdr\u00fccklich angegeben, werden die bei uns gespeicherten Daten gel\u00f6scht, sobald sie f\u00fcr ihre Zweckbestimmung nicht mehr erforderlich sind und der L\u00f6schung keine gesetzlichen Aufbewahrungspflichten entgegenstehen. Sofern die Daten nicht gel\u00f6scht werden, weil sie f\u00fcr andere und gesetzlich zul\u00e4ssige Zwecke erforderlich sind, wird deren Verarbeitung eingeschr\u00e4nkt. D.h. die Daten werden gesperrt und nicht f\u00fcr andere Zwecke verarbeitet. Das gilt z.B. f\u00fcr Daten, die aus handels- oder steuerrechtlichen Gr\u00fcnden aufbewahrt werden m\u00fcssen.<\/span><\/p>\n                    <p><span style=\"font-family: &quot;Source Sans Pro&quot;;\">Nach gesetzlichen Vorgaben in Deutschland erfolgt die Aufbewahrung insbesondere f\u00fcr 6 Jahre gem\u00e4\u00df \u00a7 257 Abs. 1 HGB (Handelsb\u00fccher, Inventare, Er\u00f6ffnungsbilanzen, Jahresabschl\u00fcsse, Handelsbriefe, Buchungsbelege, etc.) sowie f\u00fcr 10 Jahre gem\u00e4\u00df \u00a7 147 Abs. 1 AO (B\u00fccher, Aufzeichnungen, Lageberichte, Buchungsbelege, Handels- und Gesch\u00e4ftsbriefe, F\u00fcr Besteuerung relevante Unterlagen, etc.).<\/span><\/p>\n                    <p><span style=\"font-family: &quot;Source Sans Pro&quot;;\">Nach gesetzlichen Vorgaben in \u00d6sterreich erfolgt die Aufbewahrung insbesondere f\u00fcr 7 J gem\u00e4\u00df \u00a7 132 Abs. 1 BAO (Buchhaltungsunterlagen, Belege\/Rechnungen, Konten, Belege, Gesch\u00e4ftspapiere, Aufstellung der Einnahmen und Ausgaben, etc.), f\u00fcr 22 Jahre im Zusammenhang mit Grundst\u00fccken und f\u00fcr 10 Jahre bei Unterlagen im Zusammenhang mit elektronisch erbrachten Leistungen, Telekommunikations-, Rundfunk- und Fernsehleistungen, die an Nichtunternehmer in EU-Mitgliedstaaten erbracht werden und f\u00fcr die der Mini-One-Stop-Shop (MOSS) in Anspruch genommen wird.<\/span><\/p>\n                    <p><span style=\"font-family: &quot;Source Sans Pro&quot;;\"><br><\/span><span style=\"font-family: &quot;Source Sans Pro&quot;; font-weight: 600;\">Gesch\u00e4ftsbezogene Verarbeitung:<\/span><span style=\"font-family: &quot;Source Sans Pro&quot;;\"><br>Zus\u00e4tzlich verarbeiten wir<br>\u2013 Vertragsdaten (z.B., Vertragsgegenstand, Laufzeit, Kundenkategorie)<br>\u2013 Zahlungsdaten (z.B., Bankverbindung, Zahlungshistorie)<br>von unseren Kunden, Interessenten und Gesch\u00e4ftspartner zwecks Erbringung vertraglicher Leistungen, Service und Kundenpflege, Marketing, Werbung und Marktforschung.<\/span><\/p>\n                    <p>\n                      <br>\n                    <\/p>\n                    <p><span style=\"font-family: &quot;Source Sans Pro&quot;; font-weight: 600;\">Hosting:<\/span><span style=\"font-family: &quot;Source Sans Pro&quot;;\"><br>Die von uns in Anspruch genommenen Hosting-Leistungen dienen der Zurverf\u00fcgungstellung der folgenden Leistungen: Infrastruktur- und Plattformdienstleistungen, Rechenkapazit\u00e4t, Speicherplatz und Datenbankdienste, Sicherheitsleistungen sowie technische Wartungsleistungen, die wir zum Zwecke des Betriebs dieses Onlineangebotes einsetzen.<\/span><\/p>\n                    <p><span style=\"font-family: &quot;Source Sans Pro&quot;;\">Hierbei verarbeiten wir, bzw. unser Hostinganbieter Bestandsdaten, Kontaktdaten, Inhaltsdaten, Vertragsdaten, Nutzungsdaten, Meta- und Kommunikationsdaten von Kunden, Interessenten und Besuchern dieses Onlineangebotes auf Grundlage unserer berechtigten Interessen an einer effizienten und sicheren Zurverf\u00fcgungstellung dieses Onlineangebotes gem. Art. 6 Abs. 1 lit. f DSGVO i.V.m. Art. 28 DSGVO (Abschluss Auftragsverarbeitungsvertrag).<\/span><\/p>\n                    <p><span style=\"font-family: &quot;Source Sans Pro&quot;;\"><br><\/span><span style=\"font-family: &quot;Source Sans Pro&quot;; font-weight: 600;\">Erhebung von Zugriffsdaten und Logfiles:<\/span><span style=\"font-family: &quot;Source Sans Pro&quot;;\"><br>Wir, bzw. unser Hostinganbieter, erhebt auf Grundlage unserer berechtigten Interessen im Sinne des Art. 6 Abs. 1 lit. f. DSGVO Daten \u00fcber jeden Zugriff auf den Server, auf dem sich dieser Dienst befindet (sogenannte Serverlogfiles). Zu den Zugriffsdaten geh\u00f6ren Name der abgerufenen Webseite, Datei, Datum und Uhrzeit des Abrufs, \u00fcbertragene Datenmenge, Meldung \u00fcber erfolgreichen Abruf, Browsertyp nebst Version, das Betriebssystem des Nutzers, Referrer URL (die zuvor besuchte Seite), IP-Adresse und der anfragende Provider.<\/span><\/p>\n                    <p><span style=\"font-family: &quot;Source Sans Pro&quot;;\">Logfile-Informationen werden aus Sicherheitsgr\u00fcnden (z.B. zur Aufkl\u00e4rung von Missbrauchs- oder Betrugshandlungen) f\u00fcr die Dauer von maximal 7 Tagen gespeichert und danach gel\u00f6scht. Daten, deren weitere Aufbewahrung zu Beweiszwecken erforderlich ist, sind bis zur endg\u00fcltigen Kl\u00e4rung des jeweiligen Vorfalls von der L\u00f6schung ausgenommen.<\/span><\/p>\n                    <p><span><br><\/span><\/p>\n                    <p><span style=\"font-weight: 600; font-family: &quot;Source Sans Pro&quot;;\">Administration, Finanzbuchhaltung, B\u00fcroorganisation, Kontaktverwaltung:<\/span><span style=\"font-family: &quot;Source Sans Pro&quot;;\"><br>Wir verarbeiten Daten im Rahmen von Verwaltungsaufgaben sowie Organisation unseres Betriebs, Finanzbuchhaltung und Befolgung der gesetzlichen Pflichten, wie z.B. der Archivierung. Herbei verarbeiten wir dieselben Daten, die wir im Rahmen der Erbringung unserer vertraglichen Leistungen verarbeiten. Die Verarbeitungsgrundlagen sind Art. 6 Abs. 1 lit. c. DSGVO, Art. 6 Abs. 1 lit. f., Art. 28 DSGVO. Von der Verarbeitung sind Betroffene: Kunden, Interessenten, Gesch\u00e4ftspartner und Websitebesucher betroffen. Der Zweck und unser Interesse an der Verarbeitung liegt in der Administration, Finanzbuchhaltung, B\u00fcroorganisation, Archivierung von Daten, also Aufgaben die der Aufrechterhaltung unserer Gesch\u00e4ftst\u00e4tigkeiten, Wahrnehmung unserer Aufgaben und Erbringung unserer Leistungen dienen. Die L\u00f6schung der Daten im Hinblick auf vertragliche Leistungen und die vertragliche Kommunikation entspricht den, bei diesen Verarbeitungst\u00e4tigkeiten genannten Angaben.<\/span><\/p>\n                    <p><span style=\"font-family: &quot;Source Sans Pro&quot;;\">Wir of<\/span><span style=\"font-family: &quot;Source Sans Pro&quot;; font-weight: 400;\">fenbaren oder \u00fcbermitteln hierbei Daten an die Finanzverwaltung, Berater, wie<\/span>\n                      <span\n                        style=\"font-weight: 400;\">&nbsp;<\/span><span style=\"font-family: &quot;Source Sans Pro&quot;; font-weight: 400;\">z.B., Ste<\/span><span style=\"font-family: &quot;Source Sans Pro&quot;;\">uerberater oder Wirtschaftspr\u00fcfer sowie weitere Geb\u00fchrenstellen und Zahlungsdienstleister.<\/span><\/p>\n                    <p><span style=\"font-family: &quot;Source Sans Pro&quot;;\">Ferner speichern wir auf Grundlage unserer betriebswirtschaftlichen Interessen Angaben zu Lieferanten, Veranstaltern und sonstigen Gesch\u00e4ftspartnern, z.B. zwecks sp\u00e4terer Kontaktaufnahme. Diese mehrheitlich unternehmensbezogenen Daten, speichern wir grunds\u00e4tzlich dauerhaft.<\/span><\/p>\n                    <p>\n                      <br>\n                    <\/p>\n                    <p><span style=\"font-family: &quot;Source Sans Pro&quot;; font-weight: 600;\">Kontaktaufnahme:<\/span><span style=\"font-family: &quot;Source Sans Pro&quot;;\"><br><\/span><span style=\"font-family: &quot;Source Sans Pro&quot;; font-weight: 400;\">Bei der Kontaktaufnahme mit uns (z.B. per Kontaktformular, E-Mail, Telefon oder via sozialer Medien) werden die Angaben des Nutzers zur Bearbeitung der Kontaktanfrage und deren Abwicklung gem. Art. 6 Abs. 1 lit. b) DSGVO verarbeitet. Die Angaben der Nutzer k\u00f6nnen in einem Customer-Relationship-Management System (\u201eCRM System\u201c) oder vergleichbarer Anfragenorganisation gespeichert werden.<\/span><\/p>\n                    <p><span style=\"font-family: &quot;Source Sans Pro&quot;;\">Wir l\u00f6schen die Anfragen, sofern diese nicht mehr erforderlich sind. Wir \u00fcberpr\u00fcfen die Erforderlichkeit alle zwei Jahre; Ferner gelten die gesetzlichen Archivierungspflichten.<\/span><\/p>\n                    <p>\n                      <br>\n                    <\/p>\n                  <\/div>\n                <\/div>\n              <\/div>\n            <\/div>\n          <\/div>\n        <\/div>\n      <\/div>\n    <\/div>\n  <\/div>\n<\/div>","protected":false},"excerpt":{"rendered":"<p>Datenschutzerkl\u00e4rung Um Ihre Einwilligung zur Verwendung von Cookies zu widerrufen, klicken Sie bitte auf den folgenden Link:&nbsp; Diese Datenschutzerkl\u00e4rung kl\u00e4rt Sie \u00fcber die Art, den Umfang und Zweck der Verarbeitung von personenbezogenen Daten (nachfolgend kurz \u201eDaten\u201c) innerhalb unseres Onlineangebotes und der mit ihm verbundenen Webseiten, Funktionen und Inhalte sowie externen Onlinepr\u00e4senzen, wie z.B. unser Social [&hellip;]<\/p>\n","protected":false},"author":1,"featured_media":0,"parent":0,"menu_order":0,"comment_status":"closed","ping_status":"closed","template":"page-templates\/full-width-page.php","meta":{"footnotes":""},"class_list":["post-770","page","type-page","status-publish","hentry"],"_links":{"self":[{"href":"https:\/\/schwabscantechnik.de\/en\/wp-json\/wp\/v2\/pages\/770","targetHints":{"allow":["GET"]}}],"collection":[{"href":"https:\/\/schwabscantechnik.de\/en\/wp-json\/wp\/v2\/pages"}],"about":[{"href":"https:\/\/schwabscantechnik.de\/en\/wp-json\/wp\/v2\/types\/page"}],"author":[{"embeddable":true,"href":"https:\/\/schwabscantechnik.de\/en\/wp-json\/wp\/v2\/users\/1"}],"replies":[{"embeddable":true,"href":"https:\/\/schwabscantechnik.de\/en\/wp-json\/wp\/v2\/comments?post=770"}],"version-history":[{"count":10,"href":"https:\/\/schwabscantechnik.de\/en\/wp-json\/wp\/v2\/pages\/770\/revisions"}],"predecessor-version":[{"id":1337,"href":"https:\/\/schwabscantechnik.de\/en\/wp-json\/wp\/v2\/pages\/770\/revisions\/1337"}],"wp:attachment":[{"href":"https:\/\/schwabscantechnik.de\/en\/wp-json\/wp\/v2\/media?parent=770"}],"curies":[{"name":"wp","href":"https:\/\/api.w.org\/{rel}","templated":true}]}}